{"id":1481,"date":"2024-04-03T18:53:04","date_gmt":"2024-04-03T21:53:04","guid":{"rendered":"https:\/\/ivalumezzetta.com\/e-shop\/?post_type=product&#038;p=1481"},"modified":"2025-01-07T20:04:43","modified_gmt":"2025-01-07T23:04:43","slug":"alicent","status":"publish","type":"product","link":"https:\/\/ivalumezzetta.com\/e-shop\/producto\/anillos\/alicent\/","title":{"rendered":"Alicent"},"content":{"rendered":"<p> Anillo creado a partir de elementos antiguos con una hojita de n\u00e1car y gran fusi\u00f3n de metales, plata, bronce antiguo y gold filled. Tama\u00f1o adaptable.    <\/p>\n","protected":false},"excerpt":{"rendered":"<p>\u00abNoble y exaltado \u00ab<\/p>\n","protected":false},"featured_media":1482,"comment_status":"open","ping_status":"closed","template":"","meta":{"spay_email":""},"product_cat":[23],"product_tag":[65,62,135,48,64,45,134],"jetpack_sharing_enabled":true,"_links":{"self":[{"href":"https:\/\/ivalumezzetta.com\/e-shop\/wp-json\/wp\/v2\/product\/1481"}],"collection":[{"href":"https:\/\/ivalumezzetta.com\/e-shop\/wp-json\/wp\/v2\/product"}],"about":[{"href":"https:\/\/ivalumezzetta.com\/e-shop\/wp-json\/wp\/v2\/types\/product"}],"replies":[{"embeddable":true,"href":"https:\/\/ivalumezzetta.com\/e-shop\/wp-json\/wp\/v2\/comments?post=1481"}],"wp:featuredmedia":[{"embeddable":true,"href":"https:\/\/ivalumezzetta.com\/e-shop\/wp-json\/wp\/v2\/media\/1482"}],"wp:attachment":[{"href":"https:\/\/ivalumezzetta.com\/e-shop\/wp-json\/wp\/v2\/media?parent=1481"}],"wp:term":[{"taxonomy":"product_cat","embeddable":true,"href":"https:\/\/ivalumezzetta.com\/e-shop\/wp-json\/wp\/v2\/product_cat?post=1481"},{"taxonomy":"product_tag","embeddable":true,"href":"https:\/\/ivalumezzetta.com\/e-shop\/wp-json\/wp\/v2\/product_tag?post=1481"}],"curies":[{"name":"wp","href":"https:\/\/api.w.org\/{rel}","templated":true}]}}