{"id":1776,"date":"2025-08-16T16:14:18","date_gmt":"2025-08-16T19:14:18","guid":{"rendered":"https:\/\/ivalumezzetta.com\/e-shop\/?post_type=product&#038;p=1776"},"modified":"2025-08-16T16:14:19","modified_gmt":"2025-08-16T19:14:19","slug":"jardin-ondulante","status":"publish","type":"product","link":"https:\/\/ivalumezzetta.com\/e-shop\/producto\/tocados\/jardin-ondulante\/","title":{"rendered":"Jard\u00edn Ondulante"},"content":{"rendered":"<p>Casquete en  bronce y alpaca , de inspiraci\u00f3n Art Nouveau, con grandes orqu\u00eddeas, l\u00edneas curvas y perlas de rio. Cuenta con una pieza antigua en la parte de adelante .  <\/p>\n","protected":false},"excerpt":{"rendered":"<p>Florecer que se enreda en la danza del art Nouveau<\/p>\n","protected":false},"featured_media":1777,"comment_status":"open","ping_status":"closed","template":"","meta":{"spay_email":""},"product_cat":[25],"product_tag":[296,39,101,282,42,297,43,201],"jetpack_sharing_enabled":true,"_links":{"self":[{"href":"https:\/\/ivalumezzetta.com\/e-shop\/wp-json\/wp\/v2\/product\/1776"}],"collection":[{"href":"https:\/\/ivalumezzetta.com\/e-shop\/wp-json\/wp\/v2\/product"}],"about":[{"href":"https:\/\/ivalumezzetta.com\/e-shop\/wp-json\/wp\/v2\/types\/product"}],"replies":[{"embeddable":true,"href":"https:\/\/ivalumezzetta.com\/e-shop\/wp-json\/wp\/v2\/comments?post=1776"}],"wp:featuredmedia":[{"embeddable":true,"href":"https:\/\/ivalumezzetta.com\/e-shop\/wp-json\/wp\/v2\/media\/1777"}],"wp:attachment":[{"href":"https:\/\/ivalumezzetta.com\/e-shop\/wp-json\/wp\/v2\/media?parent=1776"}],"wp:term":[{"taxonomy":"product_cat","embeddable":true,"href":"https:\/\/ivalumezzetta.com\/e-shop\/wp-json\/wp\/v2\/product_cat?post=1776"},{"taxonomy":"product_tag","embeddable":true,"href":"https:\/\/ivalumezzetta.com\/e-shop\/wp-json\/wp\/v2\/product_tag?post=1776"}],"curies":[{"name":"wp","href":"https:\/\/api.w.org\/{rel}","templated":true}]}}