{"id":1800,"date":"2025-08-27T17:01:38","date_gmt":"2025-08-27T20:01:38","guid":{"rendered":"https:\/\/ivalumezzetta.com\/e-shop\/?post_type=product&#038;p=1800"},"modified":"2026-02-15T15:11:41","modified_gmt":"2026-02-15T18:11:41","slug":"aura-de-orquidea","status":"publish","type":"product","link":"https:\/\/ivalumezzetta.com\/e-shop\/producto\/anillos\/aura-de-orquidea\/","title":{"rendered":"Aura de orqu\u00eddea"},"content":{"rendered":"<p>Anillo con una gran orqu\u00eddea  hecha a mano en plata 950. Tama\u00f1o de la flor 4 cm , medida adaptable. <\/p>\n","protected":false},"excerpt":{"rendered":"<p>Envolviendo a quien lo lleva &#8230;<\/p>\n","protected":false},"featured_media":1801,"comment_status":"open","ping_status":"closed","template":"","meta":{"spay_email":""},"product_cat":[23],"product_tag":[65,62,64,101,282,63],"jetpack_sharing_enabled":true,"_links":{"self":[{"href":"https:\/\/ivalumezzetta.com\/e-shop\/wp-json\/wp\/v2\/product\/1800"}],"collection":[{"href":"https:\/\/ivalumezzetta.com\/e-shop\/wp-json\/wp\/v2\/product"}],"about":[{"href":"https:\/\/ivalumezzetta.com\/e-shop\/wp-json\/wp\/v2\/types\/product"}],"replies":[{"embeddable":true,"href":"https:\/\/ivalumezzetta.com\/e-shop\/wp-json\/wp\/v2\/comments?post=1800"}],"wp:featuredmedia":[{"embeddable":true,"href":"https:\/\/ivalumezzetta.com\/e-shop\/wp-json\/wp\/v2\/media\/1801"}],"wp:attachment":[{"href":"https:\/\/ivalumezzetta.com\/e-shop\/wp-json\/wp\/v2\/media?parent=1800"}],"wp:term":[{"taxonomy":"product_cat","embeddable":true,"href":"https:\/\/ivalumezzetta.com\/e-shop\/wp-json\/wp\/v2\/product_cat?post=1800"},{"taxonomy":"product_tag","embeddable":true,"href":"https:\/\/ivalumezzetta.com\/e-shop\/wp-json\/wp\/v2\/product_tag?post=1800"}],"curies":[{"name":"wp","href":"https:\/\/api.w.org\/{rel}","templated":true}]}}